{"id":447,"date":"2026-02-07T10:36:45","date_gmt":"2026-02-07T09:36:45","guid":{"rendered":"https:\/\/antoine-vigeon.com\/?page_id=447"},"modified":"2026-02-07T10:50:47","modified_gmt":"2026-02-07T09:50:47","slug":"parentheses-de-vies-copy","status":"publish","type":"page","link":"https:\/\/antoine-vigeon.com\/index.php\/parentheses-de-vies-copy\/","title":{"rendered":"Gwern Image"},"content":{"rendered":"\t\t<div data-elementor-type=\"wp-page\" data-elementor-id=\"447\" class=\"elementor elementor-447\">\n\t\t\t\t<div class=\"elementor-element elementor-element-a4d4c34 e-flex e-con-boxed e-con e-parent\" data-id=\"a4d4c34\" data-element_type=\"container\">\n\t\t\t\t\t<div class=\"e-con-inner\">\n\t\t<div class=\"elementor-element elementor-element-6265d6c e-con-full e-flex e-con e-child\" data-id=\"6265d6c\" data-element_type=\"container\">\n\t\t\t\t<div class=\"elementor-element elementor-element-d74d65b elementor-widget elementor-widget-image\" data-id=\"d74d65b\" data-element_type=\"widget\" data-widget_type=\"image.default\">\n\t\t\t\t<div class=\"elementor-widget-container\">\n\t\t\t\t\t\t\t\t\t\t\t\t\t\t\t\t<a href=\"https:\/\/antoine-vigeon.com\/\">\n\t\t\t\t\t\t\t<img decoding=\"async\" src=\"https:\/\/antoine-vigeon.com\/wp-content\/uploads\/2024\/03\/b9d186d5-9737-42df-a7dd-52371ad74d9d_rwc_0x0x2048x1827x4096.png\" title=\"Antoine Vigeon Portfolio\" alt=\"Logo du portfolio de Antoine Vigeon\" loading=\"lazy\" \/>\t\t\t\t\t\t\t\t<\/a>\n\t\t\t\t\t\t\t\t\t\t\t\t\t\t\t<\/div>\n\t\t\t\t<\/div>\n\t\t\t\t<\/div>\n\t\t\t\t\t<\/div>\n\t\t\t\t<\/div>\n\t\t<div class=\"elementor-element elementor-element-646fc49 e-flex e-con-boxed e-con e-parent\" data-id=\"646fc49\" data-element_type=\"container\">\n\t\t\t\t\t<div class=\"e-con-inner\">\n\t\t\t\t<div class=\"elementor-element elementor-element-5fab0bc elementor-widget elementor-widget-heading\" data-id=\"5fab0bc\" data-element_type=\"widget\" data-widget_type=\"heading.default\">\n\t\t\t\t<div class=\"elementor-widget-container\">\n\t\t\t\t\t<h2 class=\"elementor-heading-title elementor-size-default\">Gwern Image<\/h2>\t\t\t\t<\/div>\n\t\t\t\t<\/div>\n\t\t\t\t\t<\/div>\n\t\t\t\t<\/div>\n\t\t<div class=\"elementor-element elementor-element-46f1998 e-flex e-con-boxed e-con e-parent\" data-id=\"46f1998\" data-element_type=\"container\">\n\t\t\t\t\t<div class=\"e-con-inner\">\n\t\t\t\t<div class=\"elementor-element elementor-element-8d940c5 elementor-widget elementor-widget-text-editor\" data-id=\"8d940c5\" data-element_type=\"widget\" data-widget_type=\"text-editor.default\">\n\t\t\t\t<div class=\"elementor-widget-container\">\n\t\t\t\t\t\t\t\t\t<p>Design &amp; D\u00e9veloppement (\u00e0 titre gratuit) du site web pour un vid\u00e9aste et photographe.<\/p>\t\t\t\t\t\t\t\t<\/div>\n\t\t\t\t<\/div>\n\t\t\t\t<div class=\"elementor-element elementor-element-224d4bf elementor-align-center elementor-widget elementor-widget-button\" data-id=\"224d4bf\" data-element_type=\"widget\" data-widget_type=\"button.default\">\n\t\t\t\t<div class=\"elementor-widget-container\">\n\t\t\t\t\t\t\t\t\t<div class=\"elementor-button-wrapper\">\n\t\t\t\t\t<a class=\"elementor-button elementor-button-link elementor-size-sm\" href=\"https:\/\/gwern-image.com\" target=\"_blank\">\n\t\t\t\t\t\t<span class=\"elementor-button-content-wrapper\">\n\t\t\t\t\t\t\t\t\t<span class=\"elementor-button-text\">VISITER LE SITE WEB<\/span>\n\t\t\t\t\t<\/span>\n\t\t\t\t\t<\/a>\n\t\t\t\t<\/div>\n\t\t\t\t\t\t\t\t<\/div>\n\t\t\t\t<\/div>\n\t\t\t\t\t<\/div>\n\t\t\t\t<\/div>\n\t\t<div class=\"elementor-element elementor-element-3d599d3 e-flex e-con-boxed e-con e-parent\" data-id=\"3d599d3\" data-element_type=\"container\">\n\t\t\t\t\t<div class=\"e-con-inner\">\n\t\t\t\t<div class=\"elementor-element elementor-element-0b99df6 elementor-widget elementor-widget-image\" data-id=\"0b99df6\" data-element_type=\"widget\" data-widget_type=\"image.default\">\n\t\t\t\t<div class=\"elementor-widget-container\">\n\t\t\t\t\t\t\t\t\t\t\t\t\t\t\t<img fetchpriority=\"high\" decoding=\"async\" width=\"800\" height=\"450\" src=\"https:\/\/antoine-vigeon.com\/wp-content\/uploads\/2026\/02\/Antoine-Vigeon-Gwern-Image-1024x576.jpg\" class=\"attachment-large size-large wp-image-454\" alt=\"\" srcset=\"https:\/\/antoine-vigeon.com\/wp-content\/uploads\/2026\/02\/Antoine-Vigeon-Gwern-Image-1024x576.jpg 1024w, https:\/\/antoine-vigeon.com\/wp-content\/uploads\/2026\/02\/Antoine-Vigeon-Gwern-Image-300x169.jpg 300w, https:\/\/antoine-vigeon.com\/wp-content\/uploads\/2026\/02\/Antoine-Vigeon-Gwern-Image-768x432.jpg 768w, https:\/\/antoine-vigeon.com\/wp-content\/uploads\/2026\/02\/Antoine-Vigeon-Gwern-Image-1536x864.jpg 1536w, https:\/\/antoine-vigeon.com\/wp-content\/uploads\/2026\/02\/Antoine-Vigeon-Gwern-Image.jpg 1920w\" sizes=\"(max-width: 800px) 100vw, 800px\" \/>\t\t\t\t\t\t\t\t\t\t\t\t\t\t\t<\/div>\n\t\t\t\t<\/div>\n\t\t\t\t\t<\/div>\n\t\t\t\t<\/div>\n\t\t\t\t<\/div>\n\t\t","protected":false},"excerpt":{"rendered":"<p>Gwern Image Design &amp; D\u00e9veloppement (\u00e0 titre gratuit) du site web pour un vid\u00e9aste et photographe. VISITER LE SITE WEB<\/p>\n","protected":false},"author":1,"featured_media":0,"parent":0,"menu_order":0,"comment_status":"closed","ping_status":"closed","template":"","meta":{"footnotes":""},"class_list":["post-447","page","type-page","status-publish","hentry"],"_links":{"self":[{"href":"https:\/\/antoine-vigeon.com\/index.php\/wp-json\/wp\/v2\/pages\/447","targetHints":{"allow":["GET"]}}],"collection":[{"href":"https:\/\/antoine-vigeon.com\/index.php\/wp-json\/wp\/v2\/pages"}],"about":[{"href":"https:\/\/antoine-vigeon.com\/index.php\/wp-json\/wp\/v2\/types\/page"}],"author":[{"embeddable":true,"href":"https:\/\/antoine-vigeon.com\/index.php\/wp-json\/wp\/v2\/users\/1"}],"replies":[{"embeddable":true,"href":"https:\/\/antoine-vigeon.com\/index.php\/wp-json\/wp\/v2\/comments?post=447"}],"version-history":[{"count":7,"href":"https:\/\/antoine-vigeon.com\/index.php\/wp-json\/wp\/v2\/pages\/447\/revisions"}],"predecessor-version":[{"id":461,"href":"https:\/\/antoine-vigeon.com\/index.php\/wp-json\/wp\/v2\/pages\/447\/revisions\/461"}],"wp:attachment":[{"href":"https:\/\/antoine-vigeon.com\/index.php\/wp-json\/wp\/v2\/media?parent=447"}],"curies":[{"name":"wp","href":"https:\/\/api.w.org\/{rel}","templated":true}]}}